{"id":32985,"date":"2020-08-12T08:25:55","date_gmt":"2020-08-12T08:25:55","guid":{"rendered":"https:\/\/democontent.codex-themes.com\/sites-elementor\/coming-soon-pages\/?page_id=21"},"modified":"2026-02-06T21:27:57","modified_gmt":"2026-02-06T21:27:57","slug":"coming-soon-06-2","status":"publish","type":"page","link":"https:\/\/magicmoments.ro\/","title":{"rendered":"Coming Soon 06 (Demo)"},"content":{"rendered":"\t\t<div data-elementor-type=\"wp-page\" data-elementor-id=\"32985\" class=\"elementor elementor-32985\">\n\t\t\t\t\t\t<section class=\"elementor-section elementor-top-section elementor-element elementor-element-6375502a elementor-section-height-min-height elementor-section-boxed elementor-section-height-default elementor-section-items-middle\" data-id=\"6375502a\" data-element_type=\"section\" data-e-type=\"section\" data-settings=\"{&quot;background_background&quot;:&quot;classic&quot;}\">\r\n\t\t\t\t\t\t<div class=\"elementor-container elementor-column-gap-thegem\"><div class=\"elementor-row\">\r\n\t\t\t\t\t<div class=\"elementor-column elementor-col-100 elementor-top-column elementor-element elementor-element-e0955cc\" data-id=\"e0955cc\" data-element_type=\"column\" data-e-type=\"column\">\n\t\t\t<div class=\"elementor-widget-wrap elementor-element-populated\">\n\t\t\t\t\t\t<div class=\"elementor-element elementor-element-4b4b3a16 flex-horizontal-align-default flex-horizontal-align-tablet-default flex-horizontal-align-mobile-default flex-vertical-align-default flex-vertical-align-tablet-default flex-vertical-align-mobile-default elementor-widget elementor-widget-thegem-styledimage\" data-id=\"4b4b3a16\" data-element_type=\"widget\" data-e-type=\"widget\" data-settings=\"{&quot;image&quot;:{&quot;url&quot;:&quot;https:\\\/\\\/magicmoments.ro\\\/wp-content\\\/uploads\\\/2026\\\/02\\\/magicmoments-logo.png&quot;,&quot;id&quot;:33002,&quot;size&quot;:&quot;&quot;,&quot;alt&quot;:&quot;magicmoments logo&quot;,&quot;source&quot;:&quot;library&quot;},&quot;image_position&quot;:&quot;centered&quot;,&quot;thegem_elementor_preset&quot;:&quot;default&quot;}\" data-widget_type=\"thegem-styledimage.default\">\n\t\t\t\t<div class=\"elementor-widget-container\">\n\t\t\t\t\t\n<div class=\"styled-image-wrapper\">\n\t\t<div class=\"centered-box gem-image-centered-box\">\n\t\t\t\t<div class=\"gem-image gem-wrapbox gem-wrapbox-default gem-wrapbox-position-centered lazy-loading \">\n\t\t\t<div class=\"gem-wrapbox-inner  lazy-loading-item\"  data-ll-effect=\"move-up\">\n\t\t\t\t\t\t\t\t\t<img class=\"gem-wrapbox-element img-responsive \"\n\t\t\t\t\t\t src=\"https:\/\/magicmoments.ro\/wp-content\/uploads\/2026\/02\/magicmoments-logo.png\"\n\t\t\t\t\t\t alt=\"magicmoments logo\">\n\t\t\t\t\t\t\t\t<\/div>\n\t\t<\/div>\n\t\t\t<\/div>\n<\/div>\n\n\n\t\n\t\t\t\t\t\t<\/div>\n\t\t\t\t<\/div>\n\t\t\t\t<div class=\"elementor-element elementor-element-4ec374a elementor-widget__width-initial flex-horizontal-align-default flex-horizontal-align-tablet-default flex-horizontal-align-mobile-default flex-vertical-align-default flex-vertical-align-tablet-default flex-vertical-align-mobile-default elementor-widget elementor-widget-text-editor\" data-id=\"4ec374a\" data-element_type=\"widget\" data-e-type=\"widget\" data-widget_type=\"text-editor.default\">\n\t\t\t\t\t\t\t\t\t\t\t\t<div class=\"elementor-text-editor elementor-clearfix\">\r\n\t\t\t\t\t\t<p class=\"styled-subtitle\">Servicii complete pentru evenimente perfecte.<\/p>\t\t\t\t\t\t\t<\/div>\r\n\t\t\t\t\t\t\t\t\t\t<\/div>\n\t\t\t\t<div class=\"elementor-element elementor-element-5a655e45 flex-horizontal-align-default flex-horizontal-align-tablet-default flex-horizontal-align-mobile-default flex-vertical-align-default flex-vertical-align-tablet-default flex-vertical-align-mobile-default elementor-widget elementor-widget-text-editor\" data-id=\"5a655e45\" data-element_type=\"widget\" data-e-type=\"widget\" data-widget_type=\"text-editor.default\">\n\t\t\t\t\t\t\t\t\t\t\t\t<div class=\"elementor-text-editor elementor-clearfix\">\r\n\t\t\t\t\t\t<p>Oglind\u0103 foto | QR Memories | Invita\u021bii | Meniuri | Opis invita\u021bi | Photocorner | Guestbook | Numere mese | Invita\u021bii online | M\u0103rturii din ceara natural\u0103 | M\u0103rturii din miere natural\u0103 | St\u00e2lpi\u0219ori decorativi | Taraf | Vat\u0103 de zah\u0103r | Fruit bar | Fum Greu | Baloane cu fum | Ecran LED | Aranjamente florale | Tatuaje temporare | Momente super magice<\/p><p>Contacteaz\u0103-ne pentru rezerv\u0103ri : <a href=\"tel:+40722836826\"><strong>+4 0722 836 826\u00a0<\/strong><\/a><\/p>\t\t\t\t\t\t\t<\/div>\r\n\t\t\t\t\t\t\t\t\t\t<\/div>\n\t\t\t\t<div class=\"elementor-element elementor-element-4db81f79 elementor-widget__width-initial flex-horizontal-align-default flex-horizontal-align-tablet-default flex-horizontal-align-mobile-default flex-vertical-align-default flex-vertical-align-tablet-default flex-vertical-align-mobile-default elementor-widget elementor-widget-text-editor\" data-id=\"4db81f79\" data-element_type=\"widget\" data-e-type=\"widget\" data-widget_type=\"text-editor.default\">\n\t\t\t\t\t\t\t\t\t\t\t\t<div class=\"elementor-text-editor elementor-clearfix\">\r\n\t\t\t\t\t\t<div class=\"styled-subtitle title-h1\">LUCR\u0102M LA UN WEBSITE SMART<\/div>\t\t\t\t\t\t\t<\/div>\r\n\t\t\t\t\t\t\t\t\t\t<\/div>\n\t\t\t\t<div class=\"elementor-element elementor-element-764ea431 elementor-widget__width-initial flex-horizontal-align-default flex-horizontal-align-tablet-default flex-horizontal-align-mobile-default flex-vertical-align-default flex-vertical-align-tablet-default flex-vertical-align-mobile-default elementor-widget elementor-widget-text-editor\" data-id=\"764ea431\" data-element_type=\"widget\" data-e-type=\"widget\" data-widget_type=\"text-editor.default\">\n\t\t\t\t\t\t\t\t\t\t\t\t<div class=\"elementor-text-editor elementor-clearfix\">\r\n\t\t\t\t\t\t<p class=\"styled-subtitle\">Vei avea cea mai bun\u0103 experien\u021b\u0103 \u0219i vei g\u0103si absolut tot ceea ce ai nevoie pentru evenimentul t\u0103u !<\/p>\t\t\t\t\t\t\t<\/div>\r\n\t\t\t\t\t\t\t\t\t\t<\/div>\n\t\t\t\t<div class=\"elementor-element elementor-element-8c56a88 flex-horizontal-align-default flex-horizontal-align-tablet-default flex-horizontal-align-mobile-default flex-vertical-align-default flex-vertical-align-tablet-default flex-vertical-align-mobile-default elementor-widget elementor-widget-thegem-countdown\" data-id=\"8c56a88\" data-element_type=\"widget\" data-e-type=\"widget\" data-settings=\"{&quot;content_layout&quot;:&quot;circles&quot;}\" data-widget_type=\"thegem-countdown.default\">\n\t\t\t\t<div class=\"elementor-widget-container\">\n\t\t\t\t\t\n<div data-eventdate=\"1771243200\" data-starteventdate=\"1591099200\" data-days-circles-size=\"108\" data-hours-circles-size=\"108\" data-minutes-circles-size=\"108\" data-seconds-circles-size=\"108\" data-weightnumber=\"3\" class=\"countdown-container countdown-style-5\">\n\t<div class=\"countdown-wrapper countdown-info\">\n\t\t\t\t\t<div class=\"countdown-item count-1\">\n\t\t\t\t<div class=\"circle-raphael-days\"><\/div>\n\t\t\t\t<div class=\"wrap\">\n\t\t\t\t\t<a class=\"countdown-wrap-link\"><\/a>\t\t\t\t\t<span class=\"item-count countdown-days title-h1\"><\/span>\n\t\t\t\t<\/div>\n\t\t\t\t<span class=\"item-title styled-subtitle\">zile<\/span>\n\t\t\t<\/div>\n\t\t\t\t\t\t\t<div class=\"countdown-item count-2\">\n\t\t\t\t<div class=\"circle-raphael-hours\"><\/div>\n\t\t\t\t<div class=\"wrap\">\n\t\t\t\t\t<a class=\"countdown-wrap-link\"><\/a>\t\t\t\t\t<span class=\"item-count countdown-hours title-h1\"><\/span>\n\t\t\t\t<\/div>\n\t\t\t\t<span class=\"item-title styled-subtitle\">ore<\/span>\n\t\t\t<\/div>\n\t\t\t\t\t\t\t<div class=\"countdown-item count-3\">\n\t\t\t\t<div class=\"circle-raphael-minutes\"><\/div>\n\t\t\t\t<div class=\"wrap\">\n\t\t\t\t\t<a class=\"countdown-wrap-link\"><\/a>\t\t\t\t\t<span class=\"item-count countdown-minutes title-h1\"><\/span>\n\t\t\t\t<\/div>\n\t\t\t\t<span class=\"item-title styled-subtitle\">minute<\/span>\n\t\t\t<\/div>\n\t\t\t\t\t\t\t<div class=\"countdown-item count-4\">\n\t\t\t\t<div class=\"circle-raphael-seconds\"><\/div>\n\t\t\t\t<div class=\"wrap\">\n\t\t\t\t\t<a class=\"countdown-wrap-link\"><\/a>\t\t\t\t\t<span class=\"item-count countdown-seconds title-h1\"><\/span>\n\t\t\t\t<\/div>\n\t\t\t\t<span class=\"item-title styled-subtitle\">secunde<\/span>\n\t\t\t<\/div>\n\t\t\t<\/div>\n<\/div>\n\t\t\t\t<\/div>\n\t\t\t\t<\/div>\n\t\t\t\t<div class=\"elementor-element elementor-element-6226e3b6 elementor-shape-circle elementor-grid-0 e-grid-align-center flex-horizontal-align-default flex-horizontal-align-tablet-default flex-horizontal-align-mobile-default flex-vertical-align-default flex-vertical-align-tablet-default flex-vertical-align-mobile-default elementor-widget elementor-widget-social-icons\" data-id=\"6226e3b6\" data-element_type=\"widget\" data-e-type=\"widget\" data-widget_type=\"social-icons.default\">\n\t\t\t\t\t\t\t<div class=\"elementor-social-icons-wrapper elementor-grid\" role=\"list\">\n\t\t\t\t\t\t\t<span class=\"elementor-grid-item\" role=\"listitem\">\n\t\t\t\t\t<a class=\"elementor-icon elementor-social-icon elementor-social-icon-whatsapp elementor-repeater-item-5f464a4\" href=\"https:\/\/api.whatsapp.com\/send?phone=722836826\" target=\"_blank\">\n\t\t\t\t\t\t<span class=\"elementor-screen-only\">Whatsapp<\/span>\n\t\t\t\t\t\t<svg aria-hidden=\"true\" class=\"e-font-icon-svg e-fab-whatsapp\" viewBox=\"0 0 448 512\" xmlns=\"http:\/\/www.w3.org\/2000\/svg\"><path d=\"M380.9 97.1C339 55.1 283.2 32 223.9 32c-122.4 0-222 99.6-222 222 0 39.1 10.2 77.3 29.6 111L0 480l117.7-30.9c32.4 17.7 68.9 27 106.1 27h.1c122.3 0 224.1-99.6 224.1-222 0-59.3-25.2-115-67.1-157zm-157 341.6c-33.2 0-65.7-8.9-94-25.7l-6.7-4-69.8 18.3L72 359.2l-4.4-7c-18.5-29.4-28.2-63.3-28.2-98.2 0-101.7 82.8-184.5 184.6-184.5 49.3 0 95.6 19.2 130.4 54.1 34.8 34.9 56.2 81.2 56.1 130.5 0 101.8-84.9 184.6-186.6 184.6zm101.2-138.2c-5.5-2.8-32.8-16.2-37.9-18-5.1-1.9-8.8-2.8-12.5 2.8-3.7 5.6-14.3 18-17.6 21.8-3.2 3.7-6.5 4.2-12 1.4-32.6-16.3-54-29.1-75.5-66-5.7-9.8 5.7-9.1 16.3-30.3 1.8-3.7.9-6.9-.5-9.7-1.4-2.8-12.5-30.1-17.1-41.2-4.5-10.8-9.1-9.3-12.5-9.5-3.2-.2-6.9-.2-10.6-.2-3.7 0-9.7 1.4-14.8 6.9-5.1 5.6-19.4 19-19.4 46.3 0 27.3 19.9 53.7 22.6 57.4 2.8 3.7 39.1 59.7 94.8 83.8 35.2 15.2 49 16.5 66.6 13.9 10.7-1.6 32.8-13.4 37.4-26.4 4.6-13 4.6-24.1 3.2-26.4-1.3-2.5-5-3.9-10.5-6.6z\"><\/path><\/svg>\t\t\t\t\t<\/a>\n\t\t\t\t<\/span>\n\t\t\t\t\t\t\t<span class=\"elementor-grid-item\" role=\"listitem\">\n\t\t\t\t\t<a class=\"elementor-icon elementor-social-icon elementor-social-icon-phone elementor-repeater-item-e9d0ada\" href=\"tel:+40722836826\" target=\"_blank\">\n\t\t\t\t\t\t<span class=\"elementor-screen-only\">Phone<\/span>\n\t\t\t\t\t\t<svg aria-hidden=\"true\" class=\"e-font-icon-svg e-fas-phone\" viewBox=\"0 0 512 512\" xmlns=\"http:\/\/www.w3.org\/2000\/svg\"><path d=\"M493.4 24.6l-104-24c-11.3-2.6-22.9 3.3-27.5 13.9l-48 112c-4.2 9.8-1.4 21.3 6.9 28l60.6 49.6c-36 76.7-98.9 140.5-177.2 177.2l-49.6-60.6c-6.8-8.3-18.2-11.1-28-6.9l-112 48C3.9 366.5-2 378.1.6 389.4l24 104C27.1 504.2 36.7 512 48 512c256.1 0 464-207.5 464-464 0-11.2-7.7-20.9-18.6-23.4z\"><\/path><\/svg>\t\t\t\t\t<\/a>\n\t\t\t\t<\/span>\n\t\t\t\t\t\t\t<span class=\"elementor-grid-item\" role=\"listitem\">\n\t\t\t\t\t<a class=\"elementor-icon elementor-social-icon elementor-social-icon-mdi-gmail elementor-repeater-item-c34fcce\" href=\"mailto:create@magicmoments.ro\" target=\"_blank\">\n\t\t\t\t\t\t<span class=\"elementor-screen-only\">Mdi-gmail<\/span>\n\t\t\t\t\t\t<i aria-hidden=\"true\" class=\"gem-mdi mdi-gmail\"><\/i>\t\t\t\t\t<\/a>\n\t\t\t\t<\/span>\n\t\t\t\t\t<\/div>\n\t\t\t\t\t\t<\/div>\n\t\t\t\t\t<\/div>\n\t\t<\/div>\n\t\t\t\t\t<\/div><\/div>\r\n\t\t<\/section>\r\n\t\t\t\t<\/div>\n\t\t","protected":false},"excerpt":{"rendered":"<p>Servicii complete pentru evenimente perfecte. Oglind\u0103 foto | QR Memories | Invita\u021bii | Meniuri | Opis invita\u021bi | Photocorner |&#8230;<\/p>\n","protected":false},"author":1,"featured_media":0,"parent":0,"menu_order":0,"comment_status":"closed","ping_status":"closed","template":"page-fullwidth.php","meta":{"_acf_changed":false,"footnotes":""},"class_list":["post-32985","page","type-page","status-publish"],"acf":[],"_links":{"self":[{"href":"https:\/\/magicmoments.ro\/index.php?rest_route=\/wp\/v2\/pages\/32985","targetHints":{"allow":["GET"]}}],"collection":[{"href":"https:\/\/magicmoments.ro\/index.php?rest_route=\/wp\/v2\/pages"}],"about":[{"href":"https:\/\/magicmoments.ro\/index.php?rest_route=\/wp\/v2\/types\/page"}],"author":[{"embeddable":true,"href":"https:\/\/magicmoments.ro\/index.php?rest_route=\/wp\/v2\/users\/1"}],"replies":[{"embeddable":true,"href":"https:\/\/magicmoments.ro\/index.php?rest_route=%2Fwp%2Fv2%2Fcomments&post=32985"}],"version-history":[{"count":22,"href":"https:\/\/magicmoments.ro\/index.php?rest_route=\/wp\/v2\/pages\/32985\/revisions"}],"predecessor-version":[{"id":33014,"href":"https:\/\/magicmoments.ro\/index.php?rest_route=\/wp\/v2\/pages\/32985\/revisions\/33014"}],"wp:attachment":[{"href":"https:\/\/magicmoments.ro\/index.php?rest_route=%2Fwp%2Fv2%2Fmedia&parent=32985"}],"curies":[{"name":"wp","href":"https:\/\/api.w.org\/{rel}","templated":true}]}}